{"id":48,"date":"2023-03-20T07:19:07","date_gmt":"2023-03-20T07:19:07","guid":{"rendered":"https:\/\/institutoestrada.com.ar\/?page_id=48"},"modified":"2023-03-20T07:24:50","modified_gmt":"2023-03-20T07:24:50","slug":"ideario","status":"publish","type":"page","link":"https:\/\/institutoestrada.com.ar\/?page_id=48","title":{"rendered":"Ideario"},"content":{"rendered":"\n[et_pb_section fb_built=\u00bb1&#8243; custom_padding_last_edited=\u00bbon|desktop\u00bb admin_label=\u00bb3 Buttons\u00bb _builder_version=\u00bb4.16&#8243; custom_padding=\u00bb0||0|50%|false|false\u00bb custom_padding_tablet=\u00bb|10%||10%\u00bb custom_padding_phone=\u00bb\u00bb global_colors_info=\u00bb{}\u00bb][et_pb_row column_structure=\u00bb1_3,1_3,1_3&#8243; use_custom_gutter=\u00bbon\u00bb gutter_width=\u00bb1&#8243; custom_padding_last_edited=\u00bboff|desktop\u00bb _builder_version=\u00bb4.16&#8243; width=\u00bb100%\u00bb max_width=\u00bb100%\u00bb custom_margin=\u00bb|||\u00bb custom_padding=\u00bb0px||0px||true|false\u00bb custom_padding_tablet=\u00bb20px|||\u00bb animation_style=\u00bbslide\u00bb animation_direction=\u00bbtop\u00bb animation_delay=\u00bb200ms\u00bb border_radii=\u00bb||||80px\u00bb use_custom_width=\u00bbon\u00bb width_unit=\u00bboff\u00bb custom_width_percent=\u00bb100%\u00bb global_colors_info=\u00bb{}\u00bb][et_pb_column type=\u00bb1_3&#8243; _builder_version=\u00bb4.16&#8243; custom_padding=\u00bb|||\u00bb global_colors_info=\u00bb{}\u00bb custom_padding__hover=\u00bb|||\u00bb][et_pb_blurb title=\u00bbPerfil del Alumno\u00bb url=\u00bb#\u00bb _builder_version=\u00bb4.20.2&#8243; header_font=\u00bbRubik||||||||\u00bb background_color=\u00bb#304975&#8243; text_orientation=\u00bbcenter\u00bb background_layout=\u00bbdark\u00bb custom_margin=\u00bb|||\u00bb custom_padding=\u00bb40px|20px|30px|20px|false|true\u00bb custom_padding_tablet=\u00bb20px||10px|\u00bb custom_padding_phone=\u00bb\u00bb custom_padding_last_edited=\u00bbon|desktop\u00bb global_colors_info=\u00bb{}\u00bb][\/et_pb_blurb][\/et_pb_column][et_pb_column type=\u00bb1_3&#8243; _builder_version=\u00bb4.16&#8243; custom_padding=\u00bb|||\u00bb global_colors_info=\u00bb{}\u00bb custom_padding__hover=\u00bb|||\u00bb][et_pb_blurb title=\u00bbCuerpo Docente\u00bb url=\u00bb#\u00bb _builder_version=\u00bb4.20.2&#8243; header_font=\u00bbRubik||||||||\u00bb background_color=\u00bb#3c598c\u00bb text_orientation=\u00bbcenter\u00bb background_layout=\u00bbdark\u00bb custom_margin=\u00bb|||\u00bb custom_padding=\u00bb40px|20px|30px|20px|false|true\u00bb custom_padding_tablet=\u00bb20px||10px|\u00bb custom_padding_phone=\u00bb\u00bb custom_padding_last_edited=\u00bbon|desktop\u00bb locked=\u00bboff\u00bb global_colors_info=\u00bb{}\u00bb][\/et_pb_blurb][\/et_pb_column][et_pb_column type=\u00bb1_3&#8243; _builder_version=\u00bb4.16&#8243; custom_padding=\u00bb|||\u00bb global_colors_info=\u00bb{}\u00bb custom_padding__hover=\u00bb|||\u00bb][et_pb_blurb title=\u00bbContactanos\u00bb url=\u00bb#\u00bb _builder_version=\u00bb4.20.2&#8243; header_font=\u00bbRubik||||||||\u00bb background_color=\u00bb#536fa3&#8243; text_orientation=\u00bbcenter\u00bb background_layout=\u00bbdark\u00bb custom_margin=\u00bb|||\u00bb custom_padding=\u00bb40px|20px|30px|20px|false|true\u00bb custom_padding_tablet=\u00bb20px||10px|\u00bb custom_padding_phone=\u00bb\u00bb custom_padding_last_edited=\u00bbon|desktop\u00bb border_radii=\u00bb||||\u00bb locked=\u00bboff\u00bb global_colors_info=\u00bb{}\u00bb][\/et_pb_blurb][\/et_pb_column][\/et_pb_row][\/et_pb_section][et_pb_section fb_built=\u00bb1&#8243; admin_label=\u00bbOur Mission\u00bb _builder_version=\u00bb4.16&#8243; use_background_color_gradient=\u00bbon\u00bb background_color_gradient_stops=\u00bbrgba(233,239,243,0) 0%|#e9eff3 100%\u00bb background_color_gradient_start=\u00bbrgba(233,239,243,0)\u00bb background_color_gradient_end=\u00bb#e9eff3&#8243; background_image=\u00bbhttps:\/\/institutoestrada.com.ar\/wp-content\/uploads\/2023\/03\/shapes-bg-color.png\u00bb parallax=\u00bbon\u00bb custom_padding=\u00bb54px|0px|80px|0px|false|false\u00bb global_colors_info=\u00bb{}\u00bb][et_pb_row admin_label=\u00bbMission Row\u00bb _builder_version=\u00bb4.16&#8243; locked=\u00bboff\u00bb global_colors_info=\u00bb{}\u00bb][et_pb_column type=\u00bb4_4&#8243; _builder_version=\u00bb4.16&#8243; custom_padding=\u00bb|||\u00bb global_colors_info=\u00bb{}\u00bb custom_padding__hover=\u00bb|||\u00bb][et_pb_blurb title=\u00bbIDEARIO\u00bb use_icon=\u00bbon\u00bb font_icon=\u00bb&#xe012;||divi||400&#8243; icon_color=\u00bb#2b76df\u00bb image_icon_width=\u00bb32px\u00bb _builder_version=\u00bb4.20.2&#8243; header_font=\u00bbCabin Sketch|700||on|||||\u00bb header_text_color=\u00bb#ff7355&#8243; header_font_size=\u00bb20px\u00bb header_letter_spacing=\u00bb5px\u00bb header_line_height=\u00bb1.5em\u00bb text_orientation=\u00bbcenter\u00bb custom_margin=\u00bb||0px|\u00bb hover_enabled=\u00bb0&#8243; icon_font_size=\u00bb32px\u00bb locked=\u00bboff\u00bb global_colors_info=\u00bb{}\u00bb sticky_enabled=\u00bb0&#8243;][\/et_pb_blurb][et_pb_text _builder_version=\u00bb4.20.2&#8243; text_font=\u00bbRubik|500|||||||\u00bb text_font_size=\u00bb16px\u00bb text_line_height=\u00bb2em\u00bb header_font=\u00bb||||||||\u00bb header_2_font=\u00bbRubik|700|||||||\u00bb header_2_font_size=\u00bb40px\u00bb header_2_line_height=\u00bb1.4em\u00bb header_5_font=\u00bbRubik|700||on|||||\u00bb header_5_text_color=\u00bb#2b76df\u00bb header_5_letter_spacing=\u00bb5px\u00bb header_5_line_height=\u00bb1.5em\u00bb text_orientation=\u00bbcenter\u00bb max_width=\u00bb700px\u00bb module_alignment=\u00bbcenter\u00bb custom_margin=\u00bb|||\u00bb custom_margin_tablet=\u00bb0px|||\u00bb custom_margin_last_edited=\u00bboff|desktop\u00bb hover_enabled=\u00bb0&#8243; text_line_height_last_edited=\u00bboff|desktop\u00bb header_2_font_size_tablet=\u00bb\u00bb header_2_font_size_phone=\u00bb30px\u00bb header_2_font_size_last_edited=\u00bbon|phone\u00bb global_colors_info=\u00bb{}\u00bb sticky_enabled=\u00bb0&#8243;]<p style=\"text-align: justify;\"><span style=\"color: #000000;\">Nuestra escuela fue creada con el prop\u00f3sito de solucionar en la zona los problemas que presentaban las escuelas\u00a0 con turno reducido y la discriminaci\u00f3n de alumnos con problemas de aprendizaje.<\/span><\/p>\n<p style=\"text-align: justify;\"><span style=\"color: #000000;\">La escuela fue creciendo en n\u00famero de alumnos y docentes, pero siempre bajo la consigna de una educaci\u00f3n que atendiera a las diferencias de los alumnos, construida a trav\u00e9s del respeto por el individuo, que reivindicara en el hombre sus valores universales.<\/span><\/p>\n<p style=\"text-align: justify;\"><span style=\"color: #000000;\">Nuestra comunidad educativa tiene en cuenta a la persona como ser \u00fanico e irrepetible, por eso todas las actividades tienden a desarrollar integralmente al ni\u00f1o, respetando sus tiempos de maduraci\u00f3n, teniendo en cuenta la valoraci\u00f3n personal, afianzando permanentemente nuestras identidad nacional.<\/span><\/p>\n<p style=\"text-align: justify;\"><span style=\"color: #000000;\">As\u00ed comienza la historia de una Escuela Primaria con Cursos Preescolares, que tras su larga trayectoria adquiere por Resoluci\u00f3n 3085\/00 la Jornada Completa, respondiendo al reclamo creciente de las organizaci\u00f3n sociales en general y la familia en particular, de mayores niveles de calidad y respuestas significativas a las exigencias que la realidad plantea.<\/span><\/p>\n<p style=\"text-align: justify;\"><span style=\"color: #000000;\">De este modo, en octubre del a\u00f1o 2000 se reorganiza nuestra escuela con la mayor extensi\u00f3n horaria sobre la base de un s\u00f3lido proyecto educativo con el fin de garantizar un mayor conocimiento y utilizaci\u00f3n de la lengua materna, la incorporaci\u00f3n de la segunda lengua, el lenguaje matem\u00e1tico, las t\u00e9cnicas b\u00e1sicas, el lenguaje inform\u00e1tico, el lenguaje art\u00edstico y el lenguaje del propio cuerpo a trav\u00e9s del juego y del deporte.<\/span><\/p>[\/et_pb_text][\/et_pb_column][\/et_pb_row][\/et_pb_section][et_pb_section fb_built=\u00bb1&#8243; admin_label=\u00bbFooter\u00bb _builder_version=\u00bb4.16&#8243; background_image=\u00bbhttps:\/\/institutoestrada.com.ar\/wp-content\/uploads\/2023\/03\/jess-watters-483666-unsplash.jpg\u00bb parallax=\u00bbon\u00bb custom_margin=\u00bb|||\u00bb custom_padding=\u00bb|||\u00bb global_colors_info=\u00bb{}\u00bb][et_pb_row column_structure=\u00bb1_4,1_4,1_2&#8243; use_custom_gutter=\u00bbon\u00bb gutter_width=\u00bb2&#8243; make_equal=\u00bbon\u00bb _builder_version=\u00bb4.16&#8243; custom_padding=\u00bb|||\u00bb animation_style=\u00bbfade\u00bb border_radii=\u00bbon|10px|10px|10px|10px\u00bb global_colors_info=\u00bb{}\u00bb][et_pb_column type=\u00bb1_4&#8243; _builder_version=\u00bb4.16&#8243; custom_padding=\u00bb|||\u00bb global_colors_info=\u00bb{}\u00bb custom_padding__hover=\u00bb|||\u00bb][et_pb_number_counter title=\u00bbAlumnos de Jard\u00edn\u00bb number=\u00bb90&#8243; percent_sign=\u00bboff\u00bb _builder_version=\u00bb4.20.2&#8243; title_font=\u00bbRubik|700||on|||||\u00bb title_text_color=\u00bb#ffffff\u00bb title_font_size=\u00bb14px\u00bb title_letter_spacing=\u00bb5px\u00bb title_line_height=\u00bb1.5em\u00bb number_font=\u00bbCabin Sketch|500|||||||\u00bb number_text_color=\u00bb#ffffff\u00bb number_font_size=\u00bb46px\u00bb number_line_height=\u00bb100px\u00bb background_color=\u00bb#2b76df\u00bb text_orientation=\u00bbleft\u00bb background_layout=\u00bbdark\u00bb custom_padding=\u00bb50px|25px|15px|25px|false|true\u00bb border_radii=\u00bbon|10px|10px|10px|10px\u00bb global_colors_info=\u00bb{}\u00bb][\/et_pb_number_counter][et_pb_number_counter title=\u00bbActividades\u00bb number=\u00bb10&#8243; percent_sign=\u00bboff\u00bb _builder_version=\u00bb4.20.2&#8243; title_font=\u00bbRubik|700||on|||||\u00bb title_text_color=\u00bb#ffffff\u00bb title_font_size=\u00bb14px\u00bb title_letter_spacing=\u00bb5px\u00bb title_line_height=\u00bb1.5em\u00bb number_font=\u00bbCabin Sketch|500|||||||\u00bb number_text_color=\u00bb#ffffff\u00bb number_font_size=\u00bb46px\u00bb number_line_height=\u00bb100px\u00bb background_color=\u00bb#ff9c02&#8243; text_orientation=\u00bbleft\u00bb background_layout=\u00bbdark\u00bb custom_margin=\u00bb30px|||\u00bb custom_margin_last_edited=\u00bboff|desktop\u00bb custom_padding=\u00bb50px|25px|15px|25px|false|true\u00bb border_radii=\u00bbon|10px|10px|10px|10px\u00bb global_colors_info=\u00bb{}\u00bb][\/et_pb_number_counter][\/et_pb_column][et_pb_column type=\u00bb1_4&#8243; _builder_version=\u00bb4.16&#8243; custom_padding=\u00bb|||\u00bb global_colors_info=\u00bb{}\u00bb custom_padding__hover=\u00bb|||\u00bb][et_pb_number_counter title=\u00bbAlumnos de Primaria\u00bb number=\u00bb180&#8243; percent_sign=\u00bboff\u00bb _builder_version=\u00bb4.20.2&#8243; title_font=\u00bbRubik|700||on|||||\u00bb title_text_color=\u00bb#ffffff\u00bb title_font_size=\u00bb14px\u00bb title_letter_spacing=\u00bb5px\u00bb title_line_height=\u00bb1.5em\u00bb number_font=\u00bbCabin Sketch|500|||||||\u00bb number_text_color=\u00bb#ffffff\u00bb number_font_size=\u00bb46px\u00bb number_line_height=\u00bb100px\u00bb background_color=\u00bb#ff7355&#8243; text_orientation=\u00bbleft\u00bb background_layout=\u00bbdark\u00bb custom_padding=\u00bb50px|25px|15px|25px|false|true\u00bb border_radii=\u00bbon|10px|10px|10px|10px\u00bb global_colors_info=\u00bb{}\u00bb][\/et_pb_number_counter][et_pb_number_counter title=\u00bbTrayectoria\u00bb number=\u00bb61&#8243; percent_sign=\u00bboff\u00bb _builder_version=\u00bb4.20.2&#8243; title_font=\u00bbRubik|700||on|||||\u00bb title_text_color=\u00bb#ffffff\u00bb title_font_size=\u00bb14px\u00bb title_letter_spacing=\u00bb5px\u00bb title_line_height=\u00bb1.5em\u00bb number_font=\u00bbCabin Sketch|500|||||||\u00bb number_text_color=\u00bb#ffffff\u00bb number_font_size=\u00bb46px\u00bb number_line_height=\u00bb100px\u00bb background_color=\u00bb#74bc19&#8243; text_orientation=\u00bbleft\u00bb background_layout=\u00bbdark\u00bb custom_margin=\u00bb30px|||\u00bb custom_padding=\u00bb50px|25px|15px|25px|false|true\u00bb border_radii=\u00bbon|10px|10px|10px|10px\u00bb global_colors_info=\u00bb{}\u00bb][\/et_pb_number_counter][\/et_pb_column][et_pb_column type=\u00bb1_2&#8243; _builder_version=\u00bb4.16&#8243; custom_padding=\u00bb|||\u00bb global_colors_info=\u00bb{}\u00bb custom_padding__hover=\u00bb|||\u00bb][et_pb_cta title=\u00bbContactate\u00bb button_url=\u00bb#top\u00bb button_text=\u00bbEscribinos\u00bb _builder_version=\u00bb4.20.2&#8243; header_font=\u00bbRubik|700|||||||\u00bb header_font_size=\u00bb40px\u00bb header_line_height=\u00bb1.4em\u00bb body_font=\u00bbRubik||||||||\u00bb body_line_height=\u00bb2em\u00bb background_color=\u00bb#ffffff\u00bb custom_button=\u00bbon\u00bb button_text_size=\u00bb16px\u00bb button_text_color=\u00bb#ffffff\u00bb button_bg_color=\u00bb#7f5aff\u00bb button_border_width=\u00bb10px\u00bb button_border_color=\u00bbrgba(65,65,144,0)\u00bb button_border_radius=\u00bb70px\u00bb button_font=\u00bbRubik|700|||||||\u00bb button_use_icon=\u00bboff\u00bb text_orientation=\u00bbleft\u00bb background_layout=\u00bblight\u00bb max_width_last_edited=\u00bboff|desktop\u00bb module_alignment=\u00bbright\u00bb custom_margin=\u00bb|||\u00bb custom_padding=\u00bb64px|60px|64px|60px|true\u00bb header_font_size_tablet=\u00bb\u00bb header_font_size_phone=\u00bb30px\u00bb header_font_size_last_edited=\u00bbon|phone\u00bb body_line_height_last_edited=\u00bboff|desktop\u00bb border_radii=\u00bbon|10px|10px|10px|10px\u00bb button_text_color_hover=\u00bb#ffffff\u00bb button_border_radius_hover=\u00bb70px\u00bb button_bg_color_hover=\u00bb#9577ff\u00bb global_colors_info=\u00bb{}\u00bb button_text_size__hover_enabled=\u00bboff\u00bb button_one_text_size__hover_enabled=\u00bboff\u00bb button_two_text_size__hover_enabled=\u00bboff\u00bb button_text_color__hover_enabled=\u00bbon\u00bb button_text_color__hover=\u00bb#ffffff\u00bb button_one_text_color__hover_enabled=\u00bboff\u00bb button_two_text_color__hover_enabled=\u00bboff\u00bb button_border_width__hover_enabled=\u00bboff\u00bb button_one_border_width__hover_enabled=\u00bboff\u00bb button_two_border_width__hover_enabled=\u00bboff\u00bb button_border_color__hover_enabled=\u00bboff\u00bb button_one_border_color__hover_enabled=\u00bboff\u00bb button_two_border_color__hover_enabled=\u00bboff\u00bb button_border_radius__hover_enabled=\u00bbon\u00bb button_border_radius__hover=\u00bb70px\u00bb button_one_border_radius__hover_enabled=\u00bboff\u00bb button_two_border_radius__hover_enabled=\u00bboff\u00bb button_letter_spacing__hover_enabled=\u00bboff\u00bb button_one_letter_spacing__hover_enabled=\u00bboff\u00bb button_two_letter_spacing__hover_enabled=\u00bboff\u00bb button_bg_color__hover_enabled=\u00bbon\u00bb button_bg_color__hover=\u00bb#9577ff\u00bb button_one_bg_color__hover_enabled=\u00bboff\u00bb button_two_bg_color__hover_enabled=\u00bboff\u00bb]<p><strong>Direcci\u00f3n:\u00a0<\/strong>Dra Cecilia Grierson 3902-3950\u00a0<\/p>\n<p>Villa Adelina &#8211; B1605CRF<\/p>\n<p><strong>Tel\u00e9fono: 011 &#8211; 4765-5491<\/strong><\/p>\n<p><strong>Email: <span>info@institutoestrada.com.ar<\/span><\/strong><\/p>[\/et_pb_cta][\/et_pb_column][\/et_pb_row][\/et_pb_section]\n","protected":false},"excerpt":{"rendered":"<p>Nuestra escuela fue creada con el prop\u00f3sito de solucionar en la zona los problemas que presentaban las escuelas\u00a0 con turno reducido y la discriminaci\u00f3n de alumnos con problemas de aprendizaje. La escuela fue creciendo en n\u00famero de alumnos y docentes, pero siempre bajo la consigna de una educaci\u00f3n que atendiera a las diferencias de los [&hellip;]<\/p>\n","protected":false},"author":1,"featured_media":0,"parent":0,"menu_order":0,"comment_status":"closed","ping_status":"closed","template":"","meta":{"_et_pb_use_builder":"on","_et_pb_old_content":"","_et_gb_content_width":"","footnotes":""},"class_list":["post-48","page","type-page","status-publish","hentry"],"_links":{"self":[{"href":"https:\/\/institutoestrada.com.ar\/index.php?rest_route=\/wp\/v2\/pages\/48","targetHints":{"allow":["GET"]}}],"collection":[{"href":"https:\/\/institutoestrada.com.ar\/index.php?rest_route=\/wp\/v2\/pages"}],"about":[{"href":"https:\/\/institutoestrada.com.ar\/index.php?rest_route=\/wp\/v2\/types\/page"}],"author":[{"embeddable":true,"href":"https:\/\/institutoestrada.com.ar\/index.php?rest_route=\/wp\/v2\/users\/1"}],"replies":[{"embeddable":true,"href":"https:\/\/institutoestrada.com.ar\/index.php?rest_route=%2Fwp%2Fv2%2Fcomments&post=48"}],"version-history":[{"count":3,"href":"https:\/\/institutoestrada.com.ar\/index.php?rest_route=\/wp\/v2\/pages\/48\/revisions"}],"predecessor-version":[{"id":51,"href":"https:\/\/institutoestrada.com.ar\/index.php?rest_route=\/wp\/v2\/pages\/48\/revisions\/51"}],"wp:attachment":[{"href":"https:\/\/institutoestrada.com.ar\/index.php?rest_route=%2Fwp%2Fv2%2Fmedia&parent=48"}],"curies":[{"name":"wp","href":"https:\/\/api.w.org\/{rel}","templated":true}]}}